{"id":3481,"date":"2026-02-24T18:41:30","date_gmt":"2026-02-24T17:41:30","guid":{"rendered":"https:\/\/mendezirovira.com\/?page_id=3481"},"modified":"2026-02-25T17:40:32","modified_gmt":"2026-02-25T16:40:32","slug":"politica-privacidad","status":"publish","type":"page","link":"https:\/\/mendezirovira.com\/es\/politica-privacidad\/","title":{"rendered":"Pol\u00edtica de Privacidad"},"content":{"rendered":"\t\t<div data-elementor-type=\"wp-page\" data-elementor-id=\"3481\" class=\"elementor elementor-3481\" data-elementor-settings=\"{&quot;ha_cmc_init_switcher&quot;:&quot;no&quot;}\" data-elementor-post-type=\"page\">\n\t\t\t\t<div class=\"elementor-element elementor-element-2ab7847 e-flex e-con-boxed e-con e-parent\" data-id=\"2ab7847\" data-element_type=\"container\" data-e-type=\"container\" data-settings=\"{&quot;background_background&quot;:&quot;classic&quot;,&quot;_ha_eqh_enable&quot;:false}\">\n\t\t\t\t\t<div class=\"e-con-inner\">\n\t\t\t\t<div class=\"elementor-element elementor-element-4d8d27b elementor-widget__width-initial elementor-widget elementor-widget-heading\" data-id=\"4d8d27b\" data-element_type=\"widget\" data-e-type=\"widget\" data-widget_type=\"heading.default\">\n\t\t\t\t\t<h1 class=\"elementor-heading-title elementor-size-default\">Pol\u00edtica de Privacidad<\/h1>\t\t\t\t<\/div>\n\t\t\t\t<div class=\"elementor-element elementor-element-cc3b3fb elementor-widget__width-initial elementor-widget elementor-widget-text-editor\" data-id=\"cc3b3fb\" data-element_type=\"widget\" data-e-type=\"widget\" data-widget_type=\"text-editor.default\">\n\t\t\t\t\t\t\t\t\t<h3 data-start=\"281\" data-end=\"314\">1. Responsable del tratamiento<\/h3><p data-start=\"316\" data-end=\"483\"><strong data-start=\"316\" data-end=\"332\">Responsable:<\/strong> M\u00e9ndez i Rovira<br data-start=\"381\" data-end=\"384\" \/><strong data-start=\"384\" data-end=\"410\">Direcci\u00f3n profesional:<\/strong><br data-start=\"410\" data-end=\"413\" \/>Carrer d&#8217;Ausi\u00e0s Marc, 31, Principal, 2\u00aa, Eixample, 08010 Barcelona<\/p><p data-start=\"485\" data-end=\"558\"><strong data-start=\"485\" data-end=\"520\">Correo electr\u00f3nico de contacto:<\/strong><br data-start=\"520\" data-end=\"523\" \/><a class=\"decorated-link cursor-pointer\" rel=\"noopener\" data-start=\"523\" data-end=\"558\">consultas@mendezirovira.com<\/a><\/p><h3 data-start=\"565\" data-end=\"609\">2. Finalidad del tratamiento de los datos<\/h3><p data-start=\"611\" data-end=\"717\">Los datos personales facilitados a trav\u00e9s de este sitio web ser\u00e1n tratados con las siguientes finalidades:<\/p><ul data-start=\"719\" data-end=\"1091\"><li data-start=\"719\" data-end=\"886\"><p data-start=\"721\" data-end=\"886\">Atender consultas, solicitudes de informaci\u00f3n o contactos realizados por el usuario a trav\u00e9s de los formularios habilitados en la web, correo electr\u00f3nico o tel\u00e9fono.<\/p><\/li><li data-start=\"887\" data-end=\"937\"><p data-start=\"889\" data-end=\"937\">Prestar los servicios profesionales solicitados.<\/p><\/li><li data-start=\"938\" data-end=\"1040\"><p data-start=\"940\" data-end=\"1040\">Gestionar la relaci\u00f3n profesional y administrativa derivada de la prestaci\u00f3n de servicios jur\u00eddicos.<\/p><\/li><li data-start=\"1041\" data-end=\"1091\"><p data-start=\"1043\" data-end=\"1091\">Cumplir con las obligaciones legales aplicables.<\/p><\/li><\/ul><p data-start=\"1093\" data-end=\"1204\">No se tomar\u00e1n decisiones automatizadas ni se elaborar\u00e1n perfiles comerciales a partir de los datos facilitados.<\/p><h3 data-start=\"1211\" data-end=\"1246\">3. Base jur\u00eddica del tratamiento<\/h3><p data-start=\"1248\" data-end=\"1309\">La base legal para el tratamiento de los datos personales es:<\/p><ul data-start=\"1311\" data-end=\"1699\"><li data-start=\"1311\" data-end=\"1452\"><p data-start=\"1313\" data-end=\"1452\">El <strong data-start=\"1316\" data-end=\"1349\">consentimiento del interesado<\/strong>, otorgado al contactar voluntariamente a trav\u00e9s de los formularios o medios de contacto del sitio web.<\/p><\/li><li data-start=\"1453\" data-end=\"1610\"><p data-start=\"1455\" data-end=\"1610\">La <strong data-start=\"1458\" data-end=\"1530\">ejecuci\u00f3n de un contrato o la aplicaci\u00f3n de medidas precontractuales<\/strong>, cuando el tratamiento sea necesario para la prestaci\u00f3n de servicios jur\u00eddicos.<\/p><\/li><li data-start=\"1611\" data-end=\"1699\"><p data-start=\"1613\" data-end=\"1699\">El <strong data-start=\"1616\" data-end=\"1656\">cumplimiento de obligaciones legales<\/strong> aplicables al responsable del tratamiento.<\/p><\/li><\/ul><h3 data-start=\"1706\" data-end=\"1726\">4. Datos tratados<\/h3><p data-start=\"1728\" data-end=\"1791\">Los datos personales que pueden tratarse incluyen, entre otros:<\/p><ul data-start=\"1793\" data-end=\"1999\"><li data-start=\"1793\" data-end=\"1837\"><p data-start=\"1795\" data-end=\"1837\">Datos identificativos: nombre y apellidos.<\/p><\/li><li data-start=\"1838\" data-end=\"1911\"><p data-start=\"1840\" data-end=\"1911\">Datos de contacto: direcci\u00f3n de correo electr\u00f3nico, n\u00famero de tel\u00e9fono.<\/p><\/li><li data-start=\"1912\" data-end=\"1999\"><p data-start=\"1914\" data-end=\"1999\">Informaci\u00f3n facilitada voluntariamente por el usuario en el contenido de su consulta.<\/p><\/li><\/ul><p data-start=\"2001\" data-end=\"2181\">En el marco de la prestaci\u00f3n de servicios jur\u00eddicos, podr\u00e1n tratarse datos de car\u00e1cter especialmente protegido cuando sea estrictamente necesario y conforme a la normativa vigente.<\/p><h3 data-start=\"2188\" data-end=\"2219\">5. Conservaci\u00f3n de los datos<\/h3><p data-start=\"2221\" data-end=\"2257\">Los datos personales se conservar\u00e1n:<\/p><ul data-start=\"2259\" data-end=\"2499\"><li data-start=\"2259\" data-end=\"2336\"><p data-start=\"2261\" data-end=\"2336\">Durante el tiempo necesario para atender la consulta o solicitud realizada.<\/p><\/li><li data-start=\"2337\" data-end=\"2384\"><p data-start=\"2339\" data-end=\"2384\">Mientras se mantenga la relaci\u00f3n profesional.<\/p><\/li><li data-start=\"2385\" data-end=\"2499\"><p data-start=\"2387\" data-end=\"2499\">Durante los plazos legalmente exigidos para el cumplimiento de obligaciones fiscales, contables o profesionales.<\/p><\/li><\/ul><p data-start=\"2501\" data-end=\"2602\">Finalizados dichos plazos, los datos ser\u00e1n bloqueados o eliminados conforme a la normativa aplicable.<\/p><h3 data-start=\"2609\" data-end=\"2641\">6. Destinatarios de los datos<\/h3><p data-start=\"2643\" data-end=\"2847\">No se ceder\u00e1n datos personales a terceros, salvo obligaci\u00f3n legal o cuando sea necesario para la correcta prestaci\u00f3n del servicio (por ejemplo, juzgados, administraciones p\u00fablicas u organismos oficiales).<\/p><p data-start=\"2849\" data-end=\"2904\">No se realizan transferencias internacionales de datos.<\/p><h3 data-start=\"2911\" data-end=\"2953\">7. Derechos de las personas interesadas<\/h3><p data-start=\"2955\" data-end=\"3025\">El usuario puede ejercer en cualquier momento los siguientes derechos:<\/p><ul data-start=\"3027\" data-end=\"3287\"><li data-start=\"3027\" data-end=\"3070\"><p data-start=\"3029\" data-end=\"3070\">Derecho de acceso a sus datos personales.<\/p><\/li><li data-start=\"3071\" data-end=\"3121\"><p data-start=\"3073\" data-end=\"3121\">Derecho de rectificaci\u00f3n de los datos inexactos.<\/p><\/li><li data-start=\"3122\" data-end=\"3165\"><p data-start=\"3124\" data-end=\"3165\">Derecho de supresi\u00f3n (derecho al olvido).<\/p><\/li><li data-start=\"3166\" data-end=\"3206\"><p data-start=\"3168\" data-end=\"3206\">Derecho de limitaci\u00f3n del tratamiento.<\/p><\/li><li data-start=\"3207\" data-end=\"3245\"><p data-start=\"3209\" data-end=\"3245\">Derecho de oposici\u00f3n al tratamiento.<\/p><\/li><li data-start=\"3246\" data-end=\"3287\"><p data-start=\"3248\" data-end=\"3287\">Derecho a la portabilidad de los datos.<\/p><\/li><\/ul><p data-start=\"3289\" data-end=\"3481\">Para ejercer estos derechos, el usuario puede enviar una solicitud escrita, acompa\u00f1ada de copia de su documento identificativo, al correo electr\u00f3nico:<br data-start=\"3439\" data-end=\"3442\" \/><strong data-start=\"3442\" data-end=\"3481\"><a class=\"decorated-link cursor-pointer\" rel=\"noopener\" data-start=\"3444\" data-end=\"3479\">consultas@mendezirovira.com<\/a><\/strong><\/p><h3 data-start=\"3488\" data-end=\"3536\">8. Reclamaciones ante la autoridad de control<\/h3><p data-start=\"3538\" data-end=\"3755\">Si el usuario considera que el tratamiento de sus datos personales no se ajusta a la normativa vigente, puede presentar una reclamaci\u00f3n ante la <strong data-start=\"3682\" data-end=\"3732\">Agencia Espa\u00f1ola de Protecci\u00f3n de Datos (AEPD)<\/strong>:<br data-start=\"3733\" data-end=\"3736\" \/><a class=\"decorated-link\" href=\"https:\/\/www.aepd.es\" target=\"_new\" rel=\"noopener\" data-start=\"3736\" data-end=\"3755\">https:\/\/www.aepd.es<\/a><\/p><h3 data-start=\"3762\" data-end=\"3788\">9. Medidas de seguridad<\/h3><p data-start=\"3790\" data-end=\"4016\">El responsable del tratamiento adopta las medidas t\u00e9cnicas y organizativas necesarias para garantizar la seguridad, integridad y confidencialidad de los datos personales, evitando su p\u00e9rdida, alteraci\u00f3n o acceso no autorizado.10. Modificaciones de la pol\u00edtica de privacidad<\/p><p data-start=\"4075\" data-end=\"4289\">La presente pol\u00edtica de privacidad podr\u00e1 actualizarse para adaptarse a cambios legislativos o a modificaciones en el funcionamiento del sitio web. En caso de cambios relevantes, se informar\u00e1 debidamente al usuario.<\/p>\t\t\t\t\t\t\t\t<\/div>\n\t\t\t\t\t<\/div>\n\t\t\t\t<\/div>\n\t\t\t\t<\/div>\n\t\t","protected":false},"excerpt":{"rendered":"<p>Pol\u00edtica de Privacidad 1. Responsable del tratamiento Responsable: M\u00e9ndez i RoviraDirecci\u00f3n profesional:Carrer d&#8217;Ausi\u00e0s Marc, 31, Principal, 2\u00aa, Eixample, 08010 Barcelona Correo electr\u00f3nico de contacto:consultas@mendezirovira.com 2. Finalidad del tratamiento de los datos Los datos personales facilitados a trav\u00e9s de este sitio web ser\u00e1n tratados con las siguientes finalidades: Atender consultas, solicitudes de informaci\u00f3n o contactos realizados [&hellip;]<\/p>\n","protected":false},"author":1,"featured_media":0,"parent":0,"menu_order":2,"comment_status":"closed","ping_status":"closed","template":"","meta":{"footnotes":""},"class_list":["post-3481","page","type-page","status-publish","hentry"],"_links":{"self":[{"href":"https:\/\/mendezirovira.com\/es\/wp-json\/wp\/v2\/pages\/3481","targetHints":{"allow":["GET"]}}],"collection":[{"href":"https:\/\/mendezirovira.com\/es\/wp-json\/wp\/v2\/pages"}],"about":[{"href":"https:\/\/mendezirovira.com\/es\/wp-json\/wp\/v2\/types\/page"}],"author":[{"embeddable":true,"href":"https:\/\/mendezirovira.com\/es\/wp-json\/wp\/v2\/users\/1"}],"replies":[{"embeddable":true,"href":"https:\/\/mendezirovira.com\/es\/wp-json\/wp\/v2\/comments?post=3481"}],"version-history":[{"count":0,"href":"https:\/\/mendezirovira.com\/es\/wp-json\/wp\/v2\/pages\/3481\/revisions"}],"wp:attachment":[{"href":"https:\/\/mendezirovira.com\/es\/wp-json\/wp\/v2\/media?parent=3481"}],"curies":[{"name":"wp","href":"https:\/\/api.w.org\/{rel}","templated":true}]}}