{"id":3490,"date":"2026-02-21T18:56:23","date_gmt":"2026-02-21T17:56:23","guid":{"rendered":"https:\/\/mendezirovira.com\/?page_id=3490"},"modified":"2026-02-23T12:45:43","modified_gmt":"2026-02-23T11:45:43","slug":"aviso-legal","status":"publish","type":"page","link":"https:\/\/mendezirovira.com\/es\/aviso-legal\/","title":{"rendered":"Aviso Legal"},"content":{"rendered":"\t\t<div data-elementor-type=\"wp-page\" data-elementor-id=\"3490\" class=\"elementor elementor-3490\" data-elementor-settings=\"{&quot;ha_cmc_init_switcher&quot;:&quot;no&quot;}\" data-elementor-post-type=\"page\">\n\t\t\t\t<div class=\"elementor-element elementor-element-2ab7847 e-con-full e-flex e-con e-parent\" data-id=\"2ab7847\" data-element_type=\"container\" data-e-type=\"container\" data-settings=\"{&quot;background_background&quot;:&quot;classic&quot;,&quot;_ha_eqh_enable&quot;:false}\">\n\t\t\t\t<div class=\"elementor-element elementor-element-4d8d27b elementor-widget__width-initial elementor-widget-mobile__width-inherit elementor-widget elementor-widget-heading\" data-id=\"4d8d27b\" data-element_type=\"widget\" data-e-type=\"widget\" data-widget_type=\"heading.default\">\n\t\t\t\t\t<h1 class=\"elementor-heading-title elementor-size-default\">Aviso legal<\/h1>\t\t\t\t<\/div>\n\t\t\t\t<div class=\"elementor-element elementor-element-cc3b3fb elementor-widget__width-initial elementor-widget-mobile__width-inherit elementor-widget elementor-widget-text-editor\" data-id=\"cc3b3fb\" data-element_type=\"widget\" data-e-type=\"widget\" data-widget_type=\"text-editor.default\">\n\t\t\t\t\t\t\t\t\t<h3 data-start=\"265\" data-end=\"292\">1. Datos identificativos<\/h3><p data-start=\"294\" data-end=\"503\">En cumplimiento de lo dispuesto en la <strong data-start=\"332\" data-end=\"363\">Ley 34\/2002, de 11 de julio<\/strong>, de servicios de la sociedad de la informaci\u00f3n y de comercio electr\u00f3nico (LSSI-CE), se informa que el presente sitio web es titularidad de:<\/p><p data-start=\"505\" data-end=\"668\"><strong data-start=\"505\" data-end=\"517\">Titular:<\/strong> M\u00e9ndez i Rovira<br data-start=\"566\" data-end=\"569\" \/><strong data-start=\"569\" data-end=\"595\">Domicilio profesional:<\/strong><br data-start=\"595\" data-end=\"598\" \/>Carrer d&#8217;Ausi\u00e0s Marc, 31, Principal, 2\u00aa, Eixample, 08010 Barcelona<\/p><p data-start=\"670\" data-end=\"745\"><strong data-start=\"670\" data-end=\"705\">Correo electr\u00f3nico de contacto:<\/strong><br data-start=\"705\" data-end=\"708\" \/><a class=\"decorated-link cursor-pointer\" rel=\"noopener\" data-start=\"708\" data-end=\"743\">consultas@mendezirovira.com<\/a><\/p><p data-start=\"747\" data-end=\"811\"><strong data-start=\"747\" data-end=\"773\">Actividad profesional:<\/strong> Abogadas de Familia e Inmobiliario<\/p><h3 data-start=\"818\" data-end=\"844\">2. Condici\u00f3n de usuario<\/h3><p data-start=\"846\" data-end=\"995\">El acceso y\/o uso de este sitio web atribuye la condici\u00f3n de <strong data-start=\"907\" data-end=\"918\">usuario<\/strong>, quien acepta, desde dicho acceso y\/o uso, las presentes condiciones de uso.<\/p><h3 data-start=\"1002\" data-end=\"1025\">3. Uso del sitio web<\/h3><p data-start=\"1027\" data-end=\"1220\">El usuario se compromete a hacer un uso adecuado de los contenidos y servicios que el titular ofrece a trav\u00e9s del sitio web y, con car\u00e1cter enunciativo pero no limitativo, a no emplearlos para:<\/p><ul data-start=\"1222\" data-end=\"1521\"><li data-start=\"1222\" data-end=\"1300\"><p data-start=\"1224\" data-end=\"1300\">Realizar actividades il\u00edcitas o contrarias a la buena fe y al orden p\u00fablico.<\/p><\/li><li data-start=\"1301\" data-end=\"1407\"><p data-start=\"1303\" data-end=\"1407\">Provocar da\u00f1os en los sistemas f\u00edsicos y l\u00f3gicos del titular, de sus proveedores o de terceras personas.<\/p><\/li><li data-start=\"1408\" data-end=\"1521\"><p data-start=\"1410\" data-end=\"1521\">Introducir o difundir virus inform\u00e1ticos o cualesquiera otros sistemas que sean susceptibles de provocar da\u00f1os.<\/p><\/li><\/ul><h3 data-start=\"1528\" data-end=\"1568\">4. Propiedad intelectual e industrial<\/h3><p data-start=\"1570\" data-end=\"1934\">Todos los contenidos del sitio web, entendiendo por estos a t\u00edtulo enunciativo los textos, im\u00e1genes, dise\u00f1os, logotipos, iconos, software, as\u00ed como su estructura y dise\u00f1o gr\u00e1fico, son titularidad del responsable del sitio web o de terceros que han autorizado su uso, y est\u00e1n protegidos por la normativa vigente en materia de <strong data-start=\"1895\" data-end=\"1933\">propiedad intelectual e industrial<\/strong>.<\/p><p data-start=\"1936\" data-end=\"2124\">Queda expresamente prohibida la reproducci\u00f3n, distribuci\u00f3n, comunicaci\u00f3n p\u00fablica o transformaci\u00f3n, total o parcial, de los contenidos del sitio web sin la autorizaci\u00f3n expresa del titular.<\/p><h3 data-start=\"2131\" data-end=\"2152\">5. Responsabilidad<\/h3><p data-start=\"2154\" data-end=\"2473\">El titular no se hace responsable de los da\u00f1os o perjuicios de cualquier naturaleza que pudieran derivarse de errores u omisiones en los contenidos, falta de disponibilidad del sitio web o la transmisi\u00f3n de virus o programas maliciosos, a pesar de haber adoptado todas las medidas tecnol\u00f3gicas necesarias para evitarlo.<\/p><h3 data-start=\"2480\" data-end=\"2504\">6. Enlaces a terceros<\/h3><p data-start=\"2506\" data-end=\"2807\">En el caso de que en el sitio web se dispusiesen enlaces o hiperv\u00ednculos hacia otros sitios de Internet, el titular no ejercer\u00e1 ning\u00fan tipo de control sobre dichos sitios y contenidos. En ning\u00fan caso asumir\u00e1 responsabilidad alguna por los contenidos de alg\u00fan enlace perteneciente a un sitio web ajeno.<\/p><h3 data-start=\"2814\" data-end=\"2850\">7. Protecci\u00f3n de datos personales<\/h3><p data-start=\"2852\" data-end=\"3050\">El tratamiento de los datos personales del usuario se realizar\u00e1 conforme a lo dispuesto en la <strong data-start=\"2946\" data-end=\"2972\">Pol\u00edtica de Privacidad<\/strong>, que el usuario puede consultar en el apartado correspondiente del sitio web.<\/p><h3 data-start=\"3057\" data-end=\"3099\">8. Legislaci\u00f3n aplicable y jurisdicci\u00f3n<\/h3><p data-start=\"3101\" data-end=\"3335\">La relaci\u00f3n entre el titular del sitio web y el usuario se regir\u00e1 por la normativa espa\u00f1ola vigente.<br data-start=\"3201\" data-end=\"3204\" \/>Cualquier controversia se someter\u00e1 a los <strong data-start=\"3245\" data-end=\"3281\">Juzgados y Tribunales de Barcelona<\/strong>, salvo que la normativa aplicable disponga otra cosa.<\/p>\t\t\t\t\t\t\t\t<\/div>\n\t\t\t\t<\/div>\n\t\t\t\t<\/div>\n\t\t","protected":false},"excerpt":{"rendered":"<p>Aviso legal 1. Datos identificativos En cumplimiento de lo dispuesto en la Ley 34\/2002, de 11 de julio, de servicios de la sociedad de la informaci\u00f3n y de comercio electr\u00f3nico (LSSI-CE), se informa que el presente sitio web es titularidad de: Titular: M\u00e9ndez i RoviraDomicilio profesional:Carrer d&#8217;Ausi\u00e0s Marc, 31, Principal, 2\u00aa, Eixample, 08010 Barcelona Correo [&hellip;]<\/p>\n","protected":false},"author":1,"featured_media":0,"parent":0,"menu_order":2,"comment_status":"closed","ping_status":"closed","template":"","meta":{"footnotes":""},"class_list":["post-3490","page","type-page","status-publish","hentry"],"_links":{"self":[{"href":"https:\/\/mendezirovira.com\/es\/wp-json\/wp\/v2\/pages\/3490","targetHints":{"allow":["GET"]}}],"collection":[{"href":"https:\/\/mendezirovira.com\/es\/wp-json\/wp\/v2\/pages"}],"about":[{"href":"https:\/\/mendezirovira.com\/es\/wp-json\/wp\/v2\/types\/page"}],"author":[{"embeddable":true,"href":"https:\/\/mendezirovira.com\/es\/wp-json\/wp\/v2\/users\/1"}],"replies":[{"embeddable":true,"href":"https:\/\/mendezirovira.com\/es\/wp-json\/wp\/v2\/comments?post=3490"}],"version-history":[{"count":0,"href":"https:\/\/mendezirovira.com\/es\/wp-json\/wp\/v2\/pages\/3490\/revisions"}],"wp:attachment":[{"href":"https:\/\/mendezirovira.com\/es\/wp-json\/wp\/v2\/media?parent=3490"}],"curies":[{"name":"wp","href":"https:\/\/api.w.org\/{rel}","templated":true}]}}